{"id":644,"date":"2018-06-18T14:12:35","date_gmt":"2018-06-18T17:12:35","guid":{"rendered":"https:\/\/ies6048-sal.infd.edu.ar\/sitio\/?page_id=644"},"modified":"2026-02-19T20:06:34","modified_gmt":"2026-02-19T23:06:34","slug":"catalogo","status":"publish","type":"page","link":"https:\/\/ies6048-sal.infd.edu.ar\/sitio\/catalogo\/","title":{"rendered":"Carreras"},"content":{"rendered":"<ol>\n<li>Nivel: Superior<\/li>\n<li>Carrera: Tecnicatura Superior en Higiene, Seguridad Laboral y Desarrollo Ambiental Sostenible<\/li>\n<li>Duraci\u00f3n: 3 (Tres) A\u00f1os<\/li>\n<li>Titulo a Otorgar: T\u00e9cnico Superior en Higiene, Seguridad laboral y Desarrollo Ambiental Sostenible<\/li>\n<li>Modalidad: Presencial<\/li>\n<li>Carga Horaria: Hs Reloj 2004- Hs C\u00e1tedras 2672<\/li>\n<li>Familia profesional: Higiene, seguridad y ambiente<\/li>\n<\/ol>\n","protected":false},"excerpt":{"rendered":"<p>Nivel: Superior Carrera: Tecnicatura Superior en Higiene, Seguridad Laboral y Desarrollo Ambiental Sostenible Duraci\u00f3n: 3 (Tres) A\u00f1os Titulo a Otorgar: T\u00e9cnico Superior en Higiene, Seguridad laboral y Desarrollo Ambiental Sostenible Modalidad: Presencial Carga Horaria: Hs Reloj 2004- Hs C\u00e1tedras 2672 Familia profesional: Higiene, seguridad y ambiente<\/p>\n","protected":false},"author":1,"featured_media":0,"parent":0,"menu_order":0,"comment_status":"closed","ping_status":"closed","template":"","meta":[],"acf":[],"_links":{"self":[{"href":"https:\/\/ies6048-sal.infd.edu.ar\/sitio\/wp-json\/wp\/v2\/pages\/644"}],"collection":[{"href":"https:\/\/ies6048-sal.infd.edu.ar\/sitio\/wp-json\/wp\/v2\/pages"}],"about":[{"href":"https:\/\/ies6048-sal.infd.edu.ar\/sitio\/wp-json\/wp\/v2\/types\/page"}],"author":[{"embeddable":true,"href":"https:\/\/ies6048-sal.infd.edu.ar\/sitio\/wp-json\/wp\/v2\/users\/1"}],"replies":[{"embeddable":true,"href":"https:\/\/ies6048-sal.infd.edu.ar\/sitio\/wp-json\/wp\/v2\/comments?post=644"}],"version-history":[{"count":10,"href":"https:\/\/ies6048-sal.infd.edu.ar\/sitio\/wp-json\/wp\/v2\/pages\/644\/revisions"}],"predecessor-version":[{"id":823,"href":"https:\/\/ies6048-sal.infd.edu.ar\/sitio\/wp-json\/wp\/v2\/pages\/644\/revisions\/823"}],"wp:attachment":[{"href":"https:\/\/ies6048-sal.infd.edu.ar\/sitio\/wp-json\/wp\/v2\/media?parent=644"}],"curies":[{"name":"wp","href":"https:\/\/api.w.org\/{rel}","templated":true}]}}