{"id":685,"date":"2018-07-25T15:06:42","date_gmt":"2018-07-25T18:06:42","guid":{"rendered":"https:\/\/ies6048-sal.infd.edu.ar\/sitio\/?page_id=685"},"modified":"2021-01-28T16:06:35","modified_gmt":"2021-01-28T19:06:35","slug":"autoridades","status":"publish","type":"page","link":"https:\/\/ies6048-sal.infd.edu.ar\/sitio\/institucional\/autoridades\/","title":{"rendered":"Autoridades"},"content":{"rendered":"<h4><span data-mce-mark=\"1\"><strong>SECRETAR\u00cdO<\/strong><\/span><\/h4>\n<p><em>Nombre y Apellido: Jos\u00e9\u00a0Davis Ibarra<\/em><\/p>\n<p><span data-mce-mark=\"1\">Profesor de Educaci\u00f3n F\u00edsica<\/span><\/p>\n<p><span data-mce-mark=\"1\">Tel\u00e9fono: 0875703463<\/span><\/p>\n<p><span data-mce-mark=\"1\">E-mail:jibarra_27@hotmail.com<\/span><\/p>\n<h4><\/h4>\n<h4><strong>COORDINACIONES<\/strong><\/h4>\n<p><b>Coordinadora de Carrera<\/b><\/p>\n<p><em>Nombre y Apellido: Gabriela Marcela Verd\u00fan\u00a0<\/em><i>Guti\u00e9rrez<\/i><\/p>\n<p><span data-mce-mark=\"1\">Profesi\u00f3n: Licenciada en Nutrici\u00f3n<\/span><\/p>\n<p><span data-mce-mark=\"1\">Tel\u00e9fono: 3874098988<\/span><\/p>\n<p><span data-mce-mark=\"1\">E-mail: gaby_0379@hotmail.com<\/span><\/p>\n<p>&nbsp;<\/p>\n<p><b>Preceptora<\/b><\/p>\n<p><em>Nombre y Apellido: Miriam\u00a0<\/em><i>Rodr\u00edguez<\/i><\/p>\n<p><span data-mce-mark=\"1\">Tel\u00e9fono: 3874156827<\/span><\/p>\n<p><span data-mce-mark=\"1\">E-mail:<\/span><\/p>\n","protected":false},"excerpt":{"rendered":"<p>SECRETAR\u00cdO Nombre y Apellido: Jos\u00e9\u00a0Davis Ibarra Profesor de Educaci\u00f3n F\u00edsica Tel\u00e9fono: 0875703463 E-mail:jibarra_27@hotmail.com COORDINACIONES Coordinadora de Carrera Nombre y Apellido: Gabriela Marcela Verd\u00fan\u00a0Guti\u00e9rrez Profesi\u00f3n: Licenciada en Nutrici\u00f3n Tel\u00e9fono: 3874098988 E-mail: gaby_0379@hotmail.com &nbsp; Preceptora Nombre y Apellido: Miriam\u00a0Rodr\u00edguez Tel\u00e9fono: 3874156827 E-mail:<\/p>\n","protected":false},"author":6,"featured_media":0,"parent":683,"menu_order":0,"comment_status":"closed","ping_status":"closed","template":"","meta":[],"acf":[],"_links":{"self":[{"href":"https:\/\/ies6048-sal.infd.edu.ar\/sitio\/wp-json\/wp\/v2\/pages\/685"}],"collection":[{"href":"https:\/\/ies6048-sal.infd.edu.ar\/sitio\/wp-json\/wp\/v2\/pages"}],"about":[{"href":"https:\/\/ies6048-sal.infd.edu.ar\/sitio\/wp-json\/wp\/v2\/types\/page"}],"author":[{"embeddable":true,"href":"https:\/\/ies6048-sal.infd.edu.ar\/sitio\/wp-json\/wp\/v2\/users\/6"}],"replies":[{"embeddable":true,"href":"https:\/\/ies6048-sal.infd.edu.ar\/sitio\/wp-json\/wp\/v2\/comments?post=685"}],"version-history":[{"count":9,"href":"https:\/\/ies6048-sal.infd.edu.ar\/sitio\/wp-json\/wp\/v2\/pages\/685\/revisions"}],"predecessor-version":[{"id":782,"href":"https:\/\/ies6048-sal.infd.edu.ar\/sitio\/wp-json\/wp\/v2\/pages\/685\/revisions\/782"}],"up":[{"embeddable":true,"href":"https:\/\/ies6048-sal.infd.edu.ar\/sitio\/wp-json\/wp\/v2\/pages\/683"}],"wp:attachment":[{"href":"https:\/\/ies6048-sal.infd.edu.ar\/sitio\/wp-json\/wp\/v2\/media?parent=685"}],"curies":[{"name":"wp","href":"https:\/\/api.w.org\/{rel}","templated":true}]}}