{"id":768,"date":"2018-07-26T14:05:47","date_gmt":"2018-07-26T17:05:47","guid":{"rendered":"https:\/\/ies6048-sal.infd.edu.ar\/sitio\/?page_id=768"},"modified":"2026-02-19T20:28:37","modified_gmt":"2026-02-19T23:28:37","slug":"docentes","status":"publish","type":"page","link":"https:\/\/ies6048-sal.infd.edu.ar\/sitio\/docentes\/","title":{"rendered":"Docentes"},"content":{"rendered":"<p>Lic. Chorvat Sebasti\u00e1n<\/p>\n<p>Lic. Reyes Mauro<\/p>\n<p>Dra. Echazu Anal\u00eda<\/p>\n<p>Prof. Guti\u00e9rrez Fernanda<\/p>\n<p>Prof. Mamani Vanesa<\/p>\n<p>Lic. Mart\u00ednez Garcete Claudia<\/p>\n<p>Lic. Torino Romina Eugenia<\/p>\n<p>Lic. Verd\u00fan Guti\u00e9rrez Gabriela<\/p>\n<p>Ing. De la Zerda Fernada<\/p>\n<p>Dr. Garnica Jomas<\/p>\n","protected":false},"excerpt":{"rendered":"<p>Lic. Chorvat Sebasti\u00e1n Lic. Reyes Mauro Dra. Echazu Anal\u00eda Prof. Guti\u00e9rrez Fernanda Prof. Mamani Vanesa Lic. Mart\u00ednez Garcete Claudia Lic. Torino Romina Eugenia Lic. Verd\u00fan Guti\u00e9rrez Gabriela Ing. De la Zerda Fernada Dr. Garnica Jomas<\/p>\n","protected":false},"author":6,"featured_media":0,"parent":0,"menu_order":0,"comment_status":"closed","ping_status":"closed","template":"","meta":[],"acf":[],"_links":{"self":[{"href":"https:\/\/ies6048-sal.infd.edu.ar\/sitio\/wp-json\/wp\/v2\/pages\/768"}],"collection":[{"href":"https:\/\/ies6048-sal.infd.edu.ar\/sitio\/wp-json\/wp\/v2\/pages"}],"about":[{"href":"https:\/\/ies6048-sal.infd.edu.ar\/sitio\/wp-json\/wp\/v2\/types\/page"}],"author":[{"embeddable":true,"href":"https:\/\/ies6048-sal.infd.edu.ar\/sitio\/wp-json\/wp\/v2\/users\/6"}],"replies":[{"embeddable":true,"href":"https:\/\/ies6048-sal.infd.edu.ar\/sitio\/wp-json\/wp\/v2\/comments?post=768"}],"version-history":[{"count":7,"href":"https:\/\/ies6048-sal.infd.edu.ar\/sitio\/wp-json\/wp\/v2\/pages\/768\/revisions"}],"predecessor-version":[{"id":836,"href":"https:\/\/ies6048-sal.infd.edu.ar\/sitio\/wp-json\/wp\/v2\/pages\/768\/revisions\/836"}],"wp:attachment":[{"href":"https:\/\/ies6048-sal.infd.edu.ar\/sitio\/wp-json\/wp\/v2\/media?parent=768"}],"curies":[{"name":"wp","href":"https:\/\/api.w.org\/{rel}","templated":true}]}}